{"id":4691,"date":"2017-12-21T10:20:31","date_gmt":"2017-12-21T10:20:31","guid":{"rendered":"http:\/\/goadf.com\/?page_id=4691"},"modified":"2022-05-20T14:15:18","modified_gmt":"2022-05-20T11:15:18","slug":"about-us","status":"publish","type":"page","link":"https:\/\/goadf.com\/en\/about-us\/","title":{"rendered":"About Us"},"content":{"rendered":"<div class=\"wpb-content-wrapper\"><div class=\"vc_row wpb_row vc_row-fluid\" ><div class=\"wpb_column vc_column_container vc_col-sm-12\"><div class=\"vc_column-inner\"><div class=\"wpb_wrapper\"><div class=\"eltd-elements-holder   eltd-one-column  eltd-responsive-mode-768\" ><div class=\"eltd-eh-item\" style=\"background-image: url(https:\/\/goadf.com\/wp-content\/uploads\/2021\/03\/hakkimizdabanner.jpg)\" data-item-class=\"eltd-eh-custom-2646\" data-1280-1600=\"15% 32% 15% 32%\" data-1024-1280=\"v\" data-768-1024=\"15% 32% 15% 32%\" data-680-768=\"15% 32% 15% 32%\">\n\t<div class=\"eltd-eh-item-inner\">\n\t\t<div class=\"eltd-eh-item-content eltd-eh-custom-2646\" style=\"padding: 15% 32% 15% 32%\">\n\t\t\t\t\t<\/div>\n\t<\/div>\n<\/div><\/div><\/div><\/div><\/div><\/div><div class=\"eltd-row-grid-section-wrapper\"  ><div class=\"eltd-row-grid-section\"><div class=\"vc_row wpb_row vc_row-fluid vc_custom_1516894079251\" ><div class=\"wpb_column vc_column_container vc_col-sm-12\"><div class=\"vc_column-inner\"><div class=\"wpb_wrapper\"><div class=\"eltd-elements-holder   eltd-one-column  eltd-responsive-mode-768\" ><div class=\"eltd-eh-item   eltd-horizontal-alignment-center\"  data-item-class=\"eltd-eh-custom-3295\" data-1280-1600=\"0 0 0 0\" data-1024-1280=\"0 0 0 0\" data-768-1024=\"0 0 0 0\" data-680-768=\"0 0 0 0\" data-680=\"0 0% 0 0\">\n\t<div class=\"eltd-eh-item-inner\">\n\t\t<div class=\"eltd-eh-item-content eltd-eh-custom-3295\" style=\"padding: 0 0 0 0\">\n\t\t\t\n\t<div class=\"wpb_text_column wpb_content_element\" >\n\t\t<div class=\"wpb_wrapper\">\n\t\t\t<p><span style=\"font-family: open sans; font-size: 38px; font-weight: bold;\">Who We Are<\/span><\/p>\n\n\t\t<\/div>\n\t<\/div>\n<div class=\"vc_empty_space\"   style=\"height: 4px\"><span class=\"vc_empty_space_inner\"><\/span><\/div>\n\t<div class=\"wpb_text_column wpb_content_element font-roboto\" >\n\t\t<div class=\"wpb_wrapper\">\n\t\t\t<p>We are a design factory based in Istanbul that turns ideas into powerful designs and works with international brands.<\/p>\n<p>We are a team of industrial, interior and graphic designers and mechanical engineers who work together for global brands under the leadership of our design president and founding partner Ozan T\u0131g\u0306l\u0131og\u0306lu.<\/p>\n\n\t\t<\/div>\n\t<\/div>\n<div class=\"vc_empty_space\"   style=\"height: 15px\"><span class=\"vc_empty_space_inner\"><\/span><\/div>\t\t<\/div>\n\t<\/div>\n<\/div><\/div><div class=\"eltd-elements-holder   eltd-one-column  eltd-responsive-mode-768\" ><div class=\"eltd-eh-item   eltd-horizontal-alignment-center\"  data-item-class=\"eltd-eh-custom-8751\" data-1280-1600=\"10% 0 0 0\" data-1024-1280=\"10% 0 0 0\" data-768-1024=\"10% 0 0 0\" data-680-768=\"10% 0 0 0\" data-680=\"0 0% 0 0\">\n\t<div class=\"eltd-eh-item-inner\">\n\t\t<div class=\"eltd-eh-item-content eltd-eh-custom-8751\" style=\"padding: 10% 0 0 0\">\n\t\t\t\n\t<div class=\"wpb_text_column wpb_content_element\" >\n\t\t<div class=\"wpb_wrapper\">\n\t\t\t<p><span style=\"font-family: open sans; font-size: 38px; font-weight: bold;\">Vision<\/span><\/p>\n\n\t\t<\/div>\n\t<\/div>\n<div class=\"vc_empty_space\"   style=\"height: 4px\"><span class=\"vc_empty_space_inner\"><\/span><\/div>\n\t<div class=\"wpb_text_column wpb_content_element font-roboto\" >\n\t\t<div class=\"wpb_wrapper\">\n\t\t\t<p>While creating innovative designs fueled by our emotions and inspired by imagination, offering a unique design experience for our clients by using advanced technologies and software.<\/p>\n\n\t\t<\/div>\n\t<\/div>\n<div class=\"vc_empty_space\"   style=\"height: 15px\"><span class=\"vc_empty_space_inner\"><\/span><\/div>\t\t<\/div>\n\t<\/div>\n<\/div><\/div><div class=\"eltd-elements-holder   eltd-one-column  eltd-responsive-mode-768\" ><div class=\"eltd-eh-item   eltd-horizontal-alignment-center\"  data-item-class=\"eltd-eh-custom-4684\" data-1280-1600=\"10% 0 0 0\" data-1024-1280=\"10% 0 0 0\" data-768-1024=\"10% 0 0 0\" data-680-768=\"10% 0 0 0\" data-680=\"0 0% 0 0\">\n\t<div class=\"eltd-eh-item-inner\">\n\t\t<div class=\"eltd-eh-item-content eltd-eh-custom-4684\" style=\"padding: 10% 0 0 0\">\n\t\t\t\n\t<div class=\"wpb_text_column wpb_content_element\" >\n\t\t<div class=\"wpb_wrapper\">\n\t\t\t<p><span style=\"font-family: open sans; font-size: 38px; font-weight: bold;\">What We Do<\/span><\/p>\n\n\t\t<\/div>\n\t<\/div>\n<div class=\"vc_empty_space\"   style=\"height: 4px\"><span class=\"vc_empty_space_inner\"><\/span><\/div>\n\t<div class=\"wpb_text_column wpb_content_element font-roboto\" >\n\t\t<div class=\"wpb_wrapper\">\n\t\t\t<p>With the confidence of our twenty-year experience and the cooperation of our partners, we develop industrial products, concepts and projects for local and international brands.<\/p>\n<p>Through 2020, we have opened up to the global market and are now offering our designs to clients all around the world.<\/p>\n<p>We envision creating successful designs that have a strong identity and excellent performance. We also devise innovative solutions.<\/p>\n\n\t\t<\/div>\n\t<\/div>\n<div class=\"vc_empty_space\"   style=\"height: 15px\"><span class=\"vc_empty_space_inner\"><\/span><\/div>\t\t<\/div>\n\t<\/div>\n<\/div><\/div><\/div><\/div><\/div><\/div><\/div><\/div><div class=\"eltd-row-grid-section-wrapper\"  ><div class=\"eltd-row-grid-section\"><div class=\"vc_row wpb_row vc_row-fluid vc_custom_1516894079251\" ><div class=\"wpb_column vc_column_container vc_col-sm-12\"><div class=\"vc_column-inner\"><div class=\"wpb_wrapper\">\n\t<div class=\"wpb_text_column wpb_content_element\" >\n\t\t<div class=\"wpb_wrapper\">\n\t\t\t<p style=\"text-align: center;\"><span style=\"font-family: open sans; font-size: 38px; font-weight: bold;\">GOA df Design Team<\/span><\/p>\n\n\t\t<\/div>\n\t<\/div>\n<\/div><\/div><\/div><\/div><\/div><\/div><div class=\"eltd-row-grid-section-wrapper\"  ><div class=\"eltd-row-grid-section\"><div class=\"vc_row wpb_row vc_row-fluid vc_custom_1515659744357\" ><div class=\"wpb_column vc_column_container vc_col-sm-3\"><div class=\"vc_column-inner\"><div class=\"wpb_wrapper\"><\/div><\/div><\/div><div class=\"wpb_column vc_column_container vc_col-sm-3 vc_col-lg-3 vc_col-md-6 vc_col-xs-12\"><div class=\"vc_column-inner\"><div class=\"wpb_wrapper\"><div id=\"modal-trg-txt-wrap-7115\" class=\"ult-modal-input-wrapper ult-adjust-bottom-margin\" data-keypress-control=\"keypress-control-enable\" data-overlay-control=\"overlay-control-enable\"><img src=\"https:\/\/goadf.com\/wp-content\/uploads\/2021\/02\/CEF8085-1.jpg\" alt=\"null\" data-class-id=\"content-69d84f5b025f83-98551388\" class=\"ult-modal-img overlay-show ult-align-center ult-modal-image-\" data-overlay-class=\"overlay-cornerbottomleft\"\/><\/div>\n<div class=\"ult-overlay content-69d84f5b025f83-98551388\" data-class=\"content-69d84f5b025f83-98551388\" id=\"button-click-overlay\" style=\"background:rgba(51,51,51,0.8); display:none;\">\n\t<div class=\"ult_modal ult-fade ult-small\">\n\t\t<div id=\"ult-modal-wrap-1558\" class=\"ult_modal-content ult-hide\" style=\"border-style:solid;border-width:2px;border-radius:0px;border-color:#333333;\">\n\t\t\t<div class=\"ult_modal-header\" style=\"color:#333333;border-color:#333333;\">\n\t\t\t\t<h3  data-ultimate-target='#ult-modal-wrap-1558 .ult_modal-title'  data-responsive-json-new='{\"font-size\":\"\",\"line-height\":\"\"}'  class=\"ult_modal-title ult-responsive\">Ozan Sinan T\u0131\u011fl\u0131o\u011flu<\/h3>\n\t\t\t<\/div>\n\t\t\t<div  data-ultimate-target='#ult-modal-wrap-1558 .ult_modal-body'  data-responsive-json-new='{\"font-size\":\"\",\"line-height\":\"\"}'  class=\"ult_modal-body ult-responsive ult-html\" style=\"\">\n\t\t\tBorn in 1972, Istanbul. After graduating from Kabata\u015f High School for Boys, he studied Industrial Design at the Marmara University, Faculty of Fine Arts. Having started furniture design during his academic education, he went on to work with firms like Utarit \u0130zgi At\u00f6lye, Tik Mobilya, Oktay Sezgin Ofis and finally in the R&amp;D and Design Department of Tuna\u00e7elik (Tuna Ofis) in 1997. He collaborated with local and international designers in Italy and Germany. It was 2002 when he laid the foundation for GOA Design. He assumed the position of Design President in Tuna Ofis in 2008 and successfully completed important bank, office concept, project and product designs. T\u0131\u011fl\u0131o\u011flu founded Tuna Ofis T Design Studio in 2009. Having created product designs for Tuna Ofis for more than twenty years, he carried out his duty as a partner from 2011 through 2019. He founded GOA Design Factory in 2020 and is currently the Design President of the company. T\u0131\u011fl\u0131o\u011flu is the recipient of many national and international design awards.\n\t\t\t<\/div>\n\t<\/div>\n\t<\/div>\n\t<div class=\"ult-overlay-close top-right\" style=\"width:40px;height:40px; \"><div class=\"ult-overlay-close-inside\">Close<\/div><\/div>\n<\/div>\n\t<div class=\"wpb_text_column wpb_content_element font-roboto\" >\n\t\t<div class=\"wpb_wrapper\">\n\t\t\t<p><strong>OZAN S\u0130NAN TI\u011eLIO\u011eLU<\/strong><\/p>\n<p><strong>Design Pres<\/strong><strong>i<\/strong><strong>dent <\/strong><strong>\/ Founding Partner<\/strong><\/p>\n\n\t\t<\/div>\n\t<\/div>\n<div class=\"vc_empty_space\"   style=\"height: 40px\"><span class=\"vc_empty_space_inner\"><\/span><\/div><\/div><\/div><\/div><div class=\"wpb_column vc_column_container vc_col-sm-3 vc_col-lg-3 vc_col-md-6 vc_col-xs-12\"><div class=\"vc_column-inner\"><div class=\"wpb_wrapper\"><div id=\"modal-trg-txt-wrap-4338\" class=\"ult-modal-input-wrapper ult-adjust-bottom-margin\" data-keypress-control=\"keypress-control-enable\" data-overlay-control=\"overlay-control-enable\"><img src=\"https:\/\/goadf.com\/wp-content\/uploads\/2021\/03\/IMG_6317-2.jpg\" alt=\"null\" data-class-id=\"content-69d84f5b02d8c3-40960130\" class=\"ult-modal-img overlay-show ult-align-center ult-modal-image-\" data-overlay-class=\"overlay-cornerbottomleft\"\/><\/div>\n<div class=\"ult-overlay content-69d84f5b02d8c3-40960130\" data-class=\"content-69d84f5b02d8c3-40960130\" id=\"button-click-overlay\" style=\"background:rgba(51,51,51,0.8); display:none;\">\n\t<div class=\"ult_modal ult-fade ult-small\">\n\t\t<div id=\"ult-modal-wrap-4607\" class=\"ult_modal-content ult-hide\" style=\"border-style:solid;border-width:2px;border-radius:0px;border-color:#333333;\">\n\t\t\t<div class=\"ult_modal-header\" style=\"color:#333333;border-color:#333333;\">\n\t\t\t\t<h3  data-ultimate-target='#ult-modal-wrap-4607 .ult_modal-title'  data-responsive-json-new='{\"font-size\":\"\",\"line-height\":\"\"}'  class=\"ult_modal-title ult-responsive\">Gaye Esra T\u0131\u011fl\u0131o\u011flu<\/h3>\n\t\t\t<\/div>\n\t\t\t<div  data-ultimate-target='#ult-modal-wrap-4607 .ult_modal-body'  data-responsive-json-new='{\"font-size\":\"\",\"line-height\":\"\"}'  class=\"ult_modal-body ult-responsive ult-html\" style=\"\">\n\t\t\tBorn in 1974, Ankara. She finished her education at the Hacettepe University State Conservatoire Ballet Department and started her professional career as a dancer at the State Opera and Ballet. During her 22-year career, she took part in many classical and modern ballets as well as musical and opera productions.<\/p>\n<p>In 2011, Gaye T\u0131\u011fl\u0131o\u011flu decided to continue her work as a Pilates trainer and completed many certificate programs, namely Rael Isacowitz, BASI, Tracey Mallet, Sheri Long and Pilates Rehab. She founded StudioGaye in 2013 and trained many people using the BASI Pilates program developed by the renowned Rael Isacowitz.<\/p>\n<p>Her vision is to help people increase the harmony between the body and the mind, rehabilitate poor posture and have a more balanced and healthy body. T\u0131\u011fl\u0131o\u011flu\u2019s studies and knowledge on human anatomy plays an important part in GOA df\u2019s design which combine aesthetics, function and ergonomics.\n\t\t\t<\/div>\n\t<\/div>\n\t<\/div>\n\t<div class=\"ult-overlay-close top-right\" style=\"width:40px;height:40px; \"><div class=\"ult-overlay-close-inside\">Close<\/div><\/div>\n<\/div>\n\t<div class=\"wpb_text_column wpb_content_element font-roboto\" >\n\t\t<div class=\"wpb_wrapper\">\n\t\t\t<p><strong>GAYE ESRA TI\u011eLIO\u011eLU<\/strong><\/p>\n<p><strong>Co-Founder<\/strong><\/p>\n\n\t\t<\/div>\n\t<\/div>\n<div class=\"vc_empty_space\"   style=\"height: 40px\"><span class=\"vc_empty_space_inner\"><\/span><\/div><\/div><\/div><\/div><div class=\"wpb_column vc_column_container vc_col-sm-3\"><div class=\"vc_column-inner\"><div class=\"wpb_wrapper\"><\/div><\/div><\/div><\/div><\/div><\/div><div class=\"vc_row wpb_row vc_row-fluid vc_custom_1614856610805\" ><div class=\"wpb_column vc_column_container vc_col-sm-3\"><div class=\"vc_column-inner\"><div class=\"wpb_wrapper\"><div id=\"modal-trg-txt-wrap-1778\" class=\"ult-modal-input-wrapper ult-adjust-bottom-margin\" data-keypress-control=\"keypress-control-enable\" data-overlay-control=\"overlay-control-enable\"><img src=\"https:\/\/goadf.com\/wp-content\/uploads\/2022\/05\/deniz-1.jpg\" alt=\"null\" data-class-id=\"content-69d84f5b036d83-38303471\" class=\"ult-modal-img overlay-show ult-align-center ult-modal-image-\" data-overlay-class=\"overlay-cornerbottomleft\"\/><\/div>\n<div class=\"ult-overlay content-69d84f5b036d83-38303471\" data-class=\"content-69d84f5b036d83-38303471\" id=\"button-click-overlay\" style=\"background:rgba(51,51,51,0.8); display:none;\">\n\t<div class=\"ult_modal ult-fade ult-small\">\n\t\t<div id=\"ult-modal-wrap-7394\" class=\"ult_modal-content ult-hide\" style=\"border-style:solid;border-width:2px;border-radius:0px;border-color:#333333;\">\n\t\t\t<div class=\"ult_modal-header\" style=\"color:#333333;border-color:#333333;\">\n\t\t\t\t<h3  data-ultimate-target='#ult-modal-wrap-7394 .ult_modal-title'  data-responsive-json-new='{\"font-size\":\"\",\"line-height\":\"\"}'  class=\"ult_modal-title ult-responsive\">Deniz Demir<\/h3>\n\t\t\t<\/div>\n\t\t\t<div  data-ultimate-target='#ult-modal-wrap-7394 .ult_modal-body'  data-responsive-json-new='{\"font-size\":\"\",\"line-height\":\"\"}'  class=\"ult_modal-body ult-responsive ult-html\" style=\"\">\n\t\t\tBorn in 1997 Istanbul, Turkey. She received her bachelor degree in Bahcesehir University in 2021. After graduation, she worked in the field of interior design. She believes good design should be simplistic and self-explaning. This can be in terms of shape as well as function. In her opinion, the end-user of the product should be the number one priority in every step of the design process to make the user experience as good as possible.\n\t\t\t<\/div>\n\t<\/div>\n\t<\/div>\n\t<div class=\"ult-overlay-close top-right\" style=\"width:40px;height:40px; \"><div class=\"ult-overlay-close-inside\">Close<\/div><\/div>\n<\/div>\n\t<div class=\"wpb_text_column wpb_content_element font-roboto\" >\n\t\t<div class=\"wpb_wrapper\">\n\t\t\t<p><strong>DEN\u0130Z DEM\u0130R<\/strong><\/p>\n<p><strong> Industrial designer<\/strong><\/p>\n\n\t\t<\/div>\n\t<\/div>\n<div class=\"vc_empty_space\"   style=\"height: 40px\"><span class=\"vc_empty_space_inner\"><\/span><\/div><\/div><\/div><\/div><div class=\"wpb_column vc_column_container vc_col-sm-3\"><div class=\"vc_column-inner\"><div class=\"wpb_wrapper\"><div id=\"modal-trg-txt-wrap-1948\" class=\"ult-modal-input-wrapper ult-adjust-bottom-margin\" data-keypress-control=\"keypress-control-enable\" data-overlay-control=\"overlay-control-enable\"><img src=\"https:\/\/goadf.com\/wp-content\/uploads\/2021\/02\/IMG_0633.jpg\" alt=\"null\" data-class-id=\"content-69d84f5b03dae0-82482614\" class=\"ult-modal-img overlay-show ult-align-center ult-modal-image-\" data-overlay-class=\"overlay-cornerbottomleft\"\/><\/div>\n<div class=\"ult-overlay content-69d84f5b03dae0-82482614\" data-class=\"content-69d84f5b03dae0-82482614\" id=\"button-click-overlay\" style=\"background:rgba(51,51,51,0.8); display:none;\">\n\t<div class=\"ult_modal ult-fade ult-small\">\n\t\t<div id=\"ult-modal-wrap-6492\" class=\"ult_modal-content ult-hide\" style=\"border-style:solid;border-width:2px;border-radius:0px;border-color:#333333;\">\n\t\t\t<div class=\"ult_modal-header\" style=\"color:#333333;border-color:#333333;\">\n\t\t\t\t<h3  data-ultimate-target='#ult-modal-wrap-6492 .ult_modal-title'  data-responsive-json-new='{\"font-size\":\"\",\"line-height\":\"\"}'  class=\"ult_modal-title ult-responsive\">Beg\u00fcm Bali<\/h3>\n\t\t\t<\/div>\n\t\t\t<div  data-ultimate-target='#ult-modal-wrap-6492 .ult_modal-body'  data-responsive-json-new='{\"font-size\":\"\",\"line-height\":\"\"}'  class=\"ult_modal-body ult-responsive ult-html\" style=\"\">\n\t\t\tBorn in 1997 in Eskisehir, Turkey. She received her bachelor degree in Eskisehir Technical University Department of Industrial Design. She won the 2nd prize in the 8th Natural Stone Design Competition organised by IMIB. In 2019, she was elected as the chairman of the board of directors of the Design Club which is operating nationally in the field of architecture and design, while she has been a member of the board of directors since 2016. She worked as an organization manager at the 5th International Furniture Congress in 2018. Begum Bali, who works with many design communities, is a member of the ESTU Architecture Faculty Dean\u2019s external advisory board. She is a design manager and industrial designer at the Goa Design factory.\n\t\t\t<\/div>\n\t<\/div>\n\t<\/div>\n\t<div class=\"ult-overlay-close top-right\" style=\"width:40px;height:40px; \"><div class=\"ult-overlay-close-inside\">Close<\/div><\/div>\n<\/div>\n\t<div class=\"wpb_text_column wpb_content_element font-roboto\" >\n\t\t<div class=\"wpb_wrapper\">\n\t\t\t<p><strong>BEG\u00dcM BAL\u0130<\/strong><\/p>\n<p><strong>Design Manager-Industrial Designer<\/strong><\/p>\n\n\t\t<\/div>\n\t<\/div>\n<div class=\"vc_empty_space\"   style=\"height: 40px\"><span class=\"vc_empty_space_inner\"><\/span><\/div><\/div><\/div><\/div><div class=\"wpb_column vc_column_container vc_col-sm-3\"><div class=\"vc_column-inner\"><div class=\"wpb_wrapper\"><div id=\"modal-trg-txt-wrap-8503\" class=\"ult-modal-input-wrapper ult-adjust-bottom-margin\" data-keypress-control=\"keypress-control-enable\" data-overlay-control=\"overlay-control-enable\"><img src=\"https:\/\/goadf.com\/wp-content\/uploads\/2021\/02\/IMG_0622.jpg\" alt=\"null\" data-class-id=\"content-69d84f5b0435a2-89652189\" class=\"ult-modal-img overlay-show ult-align-center ult-modal-image-\" data-overlay-class=\"overlay-cornerbottomleft\"\/><\/div>\n<div class=\"ult-overlay content-69d84f5b0435a2-89652189\" data-class=\"content-69d84f5b0435a2-89652189\" id=\"button-click-overlay\" style=\"background:rgba(51,51,51,0.8); display:none;\">\n\t<div class=\"ult_modal ult-fade ult-small\">\n\t\t<div id=\"ult-modal-wrap-6790\" class=\"ult_modal-content ult-hide\" style=\"border-style:solid;border-width:2px;border-radius:0px;border-color:#333333;\">\n\t\t\t<div class=\"ult_modal-header\" style=\"color:#333333;border-color:#333333;\">\n\t\t\t\t<h3  data-ultimate-target='#ult-modal-wrap-6790 .ult_modal-title'  data-responsive-json-new='{\"font-size\":\"\",\"line-height\":\"\"}'  class=\"ult_modal-title ult-responsive\">Cenk Beharti<\/h3>\n\t\t\t<\/div>\n\t\t\t<div  data-ultimate-target='#ult-modal-wrap-6790 .ult_modal-body'  data-responsive-json-new='{\"font-size\":\"\",\"line-height\":\"\"}'  class=\"ult_modal-body ult-responsive ult-html\" style=\"\">\n\t\t\tBorn in 1997 in Istanbul, Turkey. After graduating from Ulus Jewish Schools, he received his bachelor degree in Industrial Product Design at Bahcesehir University. Throughout his education, he participated in design competitions and took part in various social responsibility projects. The fairs and seminars he attended in Milan, shaped his design perspective. Combining his style of design with the concepts of simplicity, aesthetics and functionality, Cenk continues to work as an Industrial Designer at Goa Design Factory.\n\t\t\t<\/div>\n\t<\/div>\n\t<\/div>\n\t<div class=\"ult-overlay-close top-right\" style=\"width:40px;height:40px; \"><div class=\"ult-overlay-close-inside\">Close<\/div><\/div>\n<\/div>\n\t<div class=\"wpb_text_column wpb_content_element font-roboto\" >\n\t\t<div class=\"wpb_wrapper\">\n\t\t\t<p><strong>CENK BEHART\u0130<\/strong><\/p>\n<p><strong>Industrial Designer <\/strong><\/p>\n\n\t\t<\/div>\n\t<\/div>\n<div class=\"vc_empty_space\"   style=\"height: 40px\"><span class=\"vc_empty_space_inner\"><\/span><\/div><\/div><\/div><\/div><div class=\"wpb_column vc_column_container vc_col-sm-3\"><div class=\"vc_column-inner\"><div class=\"wpb_wrapper\"><div id=\"modal-trg-txt-wrap-6631\" class=\"ult-modal-input-wrapper ult-adjust-bottom-margin\" data-keypress-control=\"keypress-control-enable\" data-overlay-control=\"overlay-control-enable\"><img src=\"https:\/\/goadf.com\/wp-content\/uploads\/2022\/05\/wakako-1.jpg\" alt=\"null\" data-class-id=\"content-69d84f5b04cc05-66555013\" class=\"ult-modal-img overlay-show ult-align-center ult-modal-image-\" data-overlay-class=\"overlay-cornerbottomleft\"\/><\/div>\n<div class=\"ult-overlay content-69d84f5b04cc05-66555013\" data-class=\"content-69d84f5b04cc05-66555013\" id=\"button-click-overlay\" style=\"background:rgba(51,51,51,0.8); display:none;\">\n\t<div class=\"ult_modal ult-fade ult-small\">\n\t\t<div id=\"ult-modal-wrap-9686\" class=\"ult_modal-content ult-hide\" style=\"border-style:solid;border-width:2px;border-radius:0px;border-color:#333333;\">\n\t\t\t<div class=\"ult_modal-header\" style=\"color:#333333;border-color:#333333;\">\n\t\t\t\t<h3  data-ultimate-target='#ult-modal-wrap-9686 .ult_modal-title'  data-responsive-json-new='{\"font-size\":\"\",\"line-height\":\"\"}'  class=\"ult_modal-title ult-responsive\">Wakako Esra Aras<\/h3>\n\t\t\t<\/div>\n\t\t\t<div  data-ultimate-target='#ult-modal-wrap-9686 .ult_modal-body'  data-responsive-json-new='{\"font-size\":\"\",\"line-height\":\"\"}'  class=\"ult_modal-body ult-responsive ult-html\" style=\"\">\n\t\t\tShe was born in 1997 in Japan. She received her bachelor degree in Industrial Product Design at Bahcesehir University.Wakako Esra Aras, who is a dual national and a member of two different cultures, has carried out works with an inclination towards Turkish and Japanese culture, art&amp;design disciplines. She participated in group exhibitions with her artworks in 2021. Trying to improve herself by participating in various workshops and conversations in the field of design, Wakako Esra also collaborated with various manufacturers with her illustrations and delivered her artworks to consumers. Wakako Esra Aras, who is prone to interdisciplinary work and believes in the continuity of development in design, continues her work as an Industrial Designer at Goa Design Factory.\n\t\t\t<\/div>\n\t<\/div>\n\t<\/div>\n\t<div class=\"ult-overlay-close top-right\" style=\"width:40px;height:40px; \"><div class=\"ult-overlay-close-inside\">Close<\/div><\/div>\n<\/div>\n\t<div class=\"wpb_text_column wpb_content_element font-roboto\" >\n\t\t<div class=\"wpb_wrapper\">\n\t\t\t<p><strong>Wakako Esra Aras<\/strong><\/p>\n<p><strong>Industrial Designer <\/strong><\/p>\n\n\t\t<\/div>\n\t<\/div>\n<div class=\"vc_empty_space\"   style=\"height: 40px\"><span class=\"vc_empty_space_inner\"><\/span><\/div><\/div><\/div><\/div><\/div>\n<\/div>","protected":false},"excerpt":{"rendered":"Who We Are We are a design factory based in Istanbul that turns ideas into powerful designs and works with international brands. We are a team of industrial, interior and graphic designers and mechanical engineers who work together for global [...]","protected":false},"author":1,"featured_media":0,"parent":0,"menu_order":0,"comment_status":"closed","ping_status":"closed","template":"full-width.php","meta":[],"_links":{"self":[{"href":"https:\/\/goadf.com\/en\/wp-json\/wp\/v2\/pages\/4691"}],"collection":[{"href":"https:\/\/goadf.com\/en\/wp-json\/wp\/v2\/pages"}],"about":[{"href":"https:\/\/goadf.com\/en\/wp-json\/wp\/v2\/types\/page"}],"author":[{"embeddable":true,"href":"https:\/\/goadf.com\/en\/wp-json\/wp\/v2\/users\/1"}],"replies":[{"embeddable":true,"href":"https:\/\/goadf.com\/en\/wp-json\/wp\/v2\/comments?post=4691"}],"version-history":[{"count":15,"href":"https:\/\/goadf.com\/en\/wp-json\/wp\/v2\/pages\/4691\/revisions"}],"predecessor-version":[{"id":5154,"href":"https:\/\/goadf.com\/en\/wp-json\/wp\/v2\/pages\/4691\/revisions\/5154"}],"wp:attachment":[{"href":"https:\/\/goadf.com\/en\/wp-json\/wp\/v2\/media?parent=4691"}],"curies":[{"name":"wp","href":"https:\/\/api.w.org\/{rel}","templated":true}]}}