{"id":4962,"date":"2017-12-20T13:01:49","date_gmt":"2017-12-20T13:01:49","guid":{"rendered":"http:\/\/goadf.com\/?page_id=4962"},"modified":"2021-03-07T11:38:05","modified_gmt":"2021-03-07T08:38:05","slug":"goa-df","status":"publish","type":"page","link":"https:\/\/goadf.com\/en\/goa-df\/","title":{"rendered":"Goa DF"},"content":{"rendered":"<div class=\"wpb-content-wrapper\"><div class=\"vc_row wpb_row vc_row-fluid\" style=\"background-color:#1d1d1d\"><div class=\"wpb_column vc_column_container vc_col-sm-12\"><div class=\"vc_column-inner\"><div class=\"wpb_wrapper\"><div class=\"wpb_layerslider_element wpb_content_element\"><script type=\"text\/javascript\">jQuery(function() { _initLayerSlider( '#layerslider_2_5k3dr656rh98', {createdWith: '6.11.5', sliderVersion: '6.11.5', skin: 'v6', navPrevNext: false, skinsPath: 'https:\/\/goadf.com\/wp-content\/plugins\/LayerSlider\/assets\/static\/layerslider\/skins\/'}); });<\/script><div id=\"layerslider_2_5k3dr656rh98\" class=\"ls-wp-container fitvidsignore\" style=\"width:1280px;height:720px;margin:0 auto;margin-bottom: 0px;\"><div class=\"ls-slide\" data-ls=\"kenburnsscale:1.2;\"><div style=\"top:0px;left:0px;background-size:inherit;background-position:inherit;width:1282px;height:721px;font-size:26px;\" class=\"ls-l\" data-ls=\"autoplay:enabled;volume:100;muted:disabled;\"><video width=\"640\" height=\"360\" preload=\"metadata\" controls><source src=\"\/wp-content\/uploads\/2021\/03\/GOA-EN.mp4\" type=\"video\/mp4\" \/><\/video><\/div><\/div><\/div><\/div><\/div><\/div><\/div><\/div><div data-vc-full-width=\"true\" data-vc-full-width-init=\"false\" data-vc-stretch-content=\"true\" class=\"vc_row wpb_row vc_row-fluid vc_custom_1600244934105 vc_row-no-padding vc_row-o-full-height vc_row-o-columns-middle vc_row-o-equal-height vc_row-flex\" ><div class=\"wpb_column vc_column_container vc_col-sm-12\"><div class=\"vc_column-inner\"><div class=\"wpb_wrapper\"><h1 style=\"text-align: center;font-family:Roboto;font-weight:700;font-style:normal\" class=\"vc_custom_heading vc_do_custom_heading\" >GOA Design Factory<\/h1>\n\t<div class=\"wpb_text_column wpb_content_element vc_custom_1614260205775\" >\n\t\t<div class=\"wpb_wrapper\">\n\t\t\t<p style=\"text-align: center; font-size: 24px; font-family: Roboto; font-weight: 400;\">Designs That Are Differentiating By Creating Their Own Trends<\/p>\n\n\t\t<\/div>\n\t<\/div>\n<div class=\"eltd-portfolio-list-holder eltd-pl-masonry eltd-small-space eltd-pl-three-columns eltd-pl-info-follows-cursor    eltd-pl-pag-infinite-scroll\"  data-type=\"masonry\" data-number-of-columns=\"3\" data-space-between-items=\"small\" data-number-of-items=\"10\" data-image-proportions=\"full\" data-enable-fixed-proportions=\"no\" data-enable-equal-height=\"no\" data-enable-image-shadow=\"no\" data-category=\"category\" data-orderby=\"rand\" data-order=\"ASC\" data-item-style=\"info-follows-cursor\" data-enable-title=\"yes\" data-title-tag=\"h4\" data-enable-category=\"yes\" data-enable-count-images=\"yes\" data-enable-excerpt=\"no\" data-excerpt-length=\"20\" data-pagination-type=\"infinite-scroll\" data-filter=\"no\" data-filter-order-by=\"name\" data-enable-article-animation=\"no\" data-portfolio-slider-on=\"no\" data-enable-loop=\"yes\" data-enable-autoplay=\"yes\" data-slider-speed=\"5000\" data-slider-speed-animation=\"600\" data-enable-auto-width=\"no\" data-enable-mousewheel=\"no\" data-enable-navigation=\"yes\" data-enable-pagination=\"yes\" data-fullscreen-slider=\"no\" data-max-num-pages=\"10\" data-next-page=\"2\">\n\t\t<div class=\"eltd-pl-inner eltd-outer-space clearfix\">\n\t\t<div class=\"eltd-pl-grid-sizer\"><\/div>\n\t\t<div class=\"eltd-pl-grid-gutter\"><\/div>\n\t\t<article class=\"eltd-pl-item eltd-item-space eltd-pl-masonry-default post-4736 portfolio-item type-portfolio-item status-publish has-post-thumbnail hentry portfolio-category-industrial-design\">\n\t<div class=\"eltd-pl-item-inner\">\n\t\t\n<div class=\"eltd-pli-image\">\n\n\t<img width=\"1000\" height=\"1000\" src=\"https:\/\/goadf.com\/wp-content\/uploads\/2020\/11\/02.jpg\" class=\"attachment-full size-full wp-post-image\" alt=\"\" loading=\"lazy\" srcset=\"https:\/\/goadf.com\/wp-content\/uploads\/2020\/11\/02.jpg 1000w, https:\/\/goadf.com\/wp-content\/uploads\/2020\/11\/02-300x300.jpg 300w, https:\/\/goadf.com\/wp-content\/uploads\/2020\/11\/02-150x150.jpg 150w, https:\/\/goadf.com\/wp-content\/uploads\/2020\/11\/02-768x768.jpg 768w, https:\/\/goadf.com\/wp-content\/uploads\/2020\/11\/02-550x550.jpg 550w\" sizes=\"(max-width: 1000px) 100vw, 1000px\" \/><\/div>\n<div class=\"eltd-pli-text-holder\">\n\t<div class=\"eltd-pli-text-wrapper\">\n\t\t<div class=\"eltd-pli-text\">\n\t\t\t\t<h4 itemprop=\"name\" class=\"eltd-pli-title entry-title\" >\n\t\tEAR\t<\/h4>\n\n\t\t\t\t\t<div class=\"eltd-pli-category-holder\">\n\t\t\t\t\t\t\t<a itemprop=\"url\" class=\"eltd-pli-category\" href=\"https:\/\/goadf.com\/en\/portfolio-category\/industrial-design\/\">Industrial Design<\/a>\n\t\t\t\t\t<\/div>\n\t\t\t<\/div>\n\t<\/div>\n<\/div>\t\t\n\t\t<a itemprop=\"url\" class=\"eltd-pli-link eltd-block-drag-link\" href=\"https:\/\/goadf.com\/en\/portfolio-item\/ear-2\/\" target=\"_self\"><\/a>\n\t<\/div>\n<\/article><article class=\"eltd-pl-item eltd-item-space eltd-pl-masonry-default post-4888 portfolio-item type-portfolio-item status-publish has-post-thumbnail hentry portfolio-category-furniture\">\n\t<div class=\"eltd-pl-item-inner\">\n\t\t\n<div class=\"eltd-pli-image\">\n\n\t<img width=\"2000\" height=\"2000\" src=\"https:\/\/goadf.com\/wp-content\/uploads\/2021\/02\/01-055.jpg\" class=\"attachment-full size-full wp-post-image\" alt=\"\" loading=\"lazy\" srcset=\"https:\/\/goadf.com\/wp-content\/uploads\/2021\/02\/01-055.jpg 2000w, https:\/\/goadf.com\/wp-content\/uploads\/2021\/02\/01-055-300x300.jpg 300w, https:\/\/goadf.com\/wp-content\/uploads\/2021\/02\/01-055-1024x1024.jpg 1024w, https:\/\/goadf.com\/wp-content\/uploads\/2021\/02\/01-055-150x150.jpg 150w, https:\/\/goadf.com\/wp-content\/uploads\/2021\/02\/01-055-768x768.jpg 768w, https:\/\/goadf.com\/wp-content\/uploads\/2021\/02\/01-055-1536x1536.jpg 1536w, https:\/\/goadf.com\/wp-content\/uploads\/2021\/02\/01-055-550x550.jpg 550w, https:\/\/goadf.com\/wp-content\/uploads\/2021\/02\/01-055-1100x1100.jpg 1100w\" sizes=\"(max-width: 2000px) 100vw, 2000px\" \/><\/div>\n<div class=\"eltd-pli-text-holder\">\n\t<div class=\"eltd-pli-text-wrapper\">\n\t\t<div class=\"eltd-pli-text\">\n\t\t\t\t<h4 itemprop=\"name\" class=\"eltd-pli-title entry-title\" >\n\t\tMUTATION\t<\/h4>\n\n\t\t\t\t\t<div class=\"eltd-pli-category-holder\">\n\t\t\t\t\t\t\t<a itemprop=\"url\" class=\"eltd-pli-category\" href=\"https:\/\/goadf.com\/en\/portfolio-category\/furniture\/\">Furniture<\/a>\n\t\t\t\t\t<\/div>\n\t\t\t<\/div>\n\t<\/div>\n<\/div>\t\t\n\t\t<a itemprop=\"url\" class=\"eltd-pli-link eltd-block-drag-link\" href=\"https:\/\/goadf.com\/en\/portfolio-item\/mutation-2\/\" target=\"_self\"><\/a>\n\t<\/div>\n<\/article><article class=\"eltd-pl-item eltd-item-space eltd-pl-masonry-default post-4800 portfolio-item type-portfolio-item status-publish has-post-thumbnail hentry portfolio-category-furniture\">\n\t<div class=\"eltd-pl-item-inner\">\n\t\t\n<div class=\"eltd-pli-image\">\n\n\t<img width=\"1000\" height=\"1000\" src=\"https:\/\/goadf.com\/wp-content\/uploads\/2020\/11\/07.jpg\" class=\"attachment-full size-full wp-post-image\" alt=\"\" loading=\"lazy\" srcset=\"https:\/\/goadf.com\/wp-content\/uploads\/2020\/11\/07.jpg 1000w, https:\/\/goadf.com\/wp-content\/uploads\/2020\/11\/07-300x300.jpg 300w, https:\/\/goadf.com\/wp-content\/uploads\/2020\/11\/07-150x150.jpg 150w, https:\/\/goadf.com\/wp-content\/uploads\/2020\/11\/07-768x768.jpg 768w, https:\/\/goadf.com\/wp-content\/uploads\/2020\/11\/07-550x550.jpg 550w\" sizes=\"(max-width: 1000px) 100vw, 1000px\" \/><\/div>\n<div class=\"eltd-pli-text-holder\">\n\t<div class=\"eltd-pli-text-wrapper\">\n\t\t<div class=\"eltd-pli-text\">\n\t\t\t\t<h4 itemprop=\"name\" class=\"eltd-pli-title entry-title\" >\n\t\tHULL\t<\/h4>\n\n\t\t\t\t\t<div class=\"eltd-pli-category-holder\">\n\t\t\t\t\t\t\t<a itemprop=\"url\" class=\"eltd-pli-category\" href=\"https:\/\/goadf.com\/en\/portfolio-category\/furniture\/\">Furniture<\/a>\n\t\t\t\t\t<\/div>\n\t\t\t<\/div>\n\t<\/div>\n<\/div>\t\t\n\t\t<a itemprop=\"url\" class=\"eltd-pli-link eltd-block-drag-link\" href=\"https:\/\/goadf.com\/en\/portfolio-item\/hull-2\/\" target=\"_self\"><\/a>\n\t<\/div>\n<\/article><article class=\"eltd-pl-item eltd-item-space eltd-pl-masonry-default post-4947 portfolio-item type-portfolio-item status-publish has-post-thumbnail hentry portfolio-category-interior-design\">\n\t<div class=\"eltd-pl-item-inner\">\n\t\t\n<div class=\"eltd-pli-image\">\n\n\t<img width=\"1080\" height=\"1920\" src=\"https:\/\/goadf.com\/wp-content\/uploads\/2021\/01\/anagrstandem-1.jpg\" class=\"attachment-full size-full wp-post-image\" alt=\"\" loading=\"lazy\" srcset=\"https:\/\/goadf.com\/wp-content\/uploads\/2021\/01\/anagrstandem-1.jpg 1080w, https:\/\/goadf.com\/wp-content\/uploads\/2021\/01\/anagrstandem-1-169x300.jpg 169w, https:\/\/goadf.com\/wp-content\/uploads\/2021\/01\/anagrstandem-1-576x1024.jpg 576w, https:\/\/goadf.com\/wp-content\/uploads\/2021\/01\/anagrstandem-1-768x1365.jpg 768w, https:\/\/goadf.com\/wp-content\/uploads\/2021\/01\/anagrstandem-1-864x1536.jpg 864w\" sizes=\"(max-width: 1080px) 100vw, 1080px\" \/><\/div>\n<div class=\"eltd-pli-text-holder\">\n\t<div class=\"eltd-pli-text-wrapper\">\n\t\t<div class=\"eltd-pli-text\">\n\t\t\t\t<h4 itemprop=\"name\" class=\"eltd-pli-title entry-title\" >\n\t\tTANDEM O\u0308RME\t<\/h4>\n\n\t\t\t\t\t<div class=\"eltd-pli-category-holder\">\n\t\t\t\t\t\t\t<a itemprop=\"url\" class=\"eltd-pli-category\" href=\"https:\/\/goadf.com\/en\/portfolio-category\/interior-design\/\">Interior Design<\/a>\n\t\t\t\t\t<\/div>\n\t\t\t<\/div>\n\t<\/div>\n<\/div>\t\t\n\t\t<a itemprop=\"url\" class=\"eltd-pli-link eltd-block-drag-link\" href=\"https:\/\/goadf.com\/en\/portfolio-item\/tandem-o%cc%88rme-2\/\" target=\"_self\"><\/a>\n\t<\/div>\n<\/article><article class=\"eltd-pl-item eltd-item-space eltd-pl-masonry-default post-4896 portfolio-item type-portfolio-item status-publish has-post-thumbnail hentry portfolio-category-furniture\">\n\t<div class=\"eltd-pl-item-inner\">\n\t\t\n<div class=\"eltd-pli-image\">\n\n\t<img width=\"540\" height=\"960\" src=\"https:\/\/goadf.com\/wp-content\/uploads\/2021\/02\/e-motion-Ana-gorsel.jpg\" class=\"attachment-full size-full wp-post-image\" alt=\"\" loading=\"lazy\" srcset=\"https:\/\/goadf.com\/wp-content\/uploads\/2021\/02\/e-motion-Ana-gorsel.jpg 540w, https:\/\/goadf.com\/wp-content\/uploads\/2021\/02\/e-motion-Ana-gorsel-169x300.jpg 169w\" sizes=\"(max-width: 540px) 100vw, 540px\" \/><\/div>\n<div class=\"eltd-pli-text-holder\">\n\t<div class=\"eltd-pli-text-wrapper\">\n\t\t<div class=\"eltd-pli-text\">\n\t\t\t\t<h4 itemprop=\"name\" class=\"eltd-pli-title entry-title\" >\n\t\tE-MOTION\t<\/h4>\n\n\t\t\t\t\t<div class=\"eltd-pli-category-holder\">\n\t\t\t\t\t\t\t<a itemprop=\"url\" class=\"eltd-pli-category\" href=\"https:\/\/goadf.com\/en\/portfolio-category\/furniture\/\">Furniture<\/a>\n\t\t\t\t\t<\/div>\n\t\t\t<\/div>\n\t<\/div>\n<\/div>\t\t\n\t\t<a itemprop=\"url\" class=\"eltd-pli-link eltd-block-drag-link\" href=\"https:\/\/goadf.com\/en\/portfolio-item\/e-motion-2\/\" target=\"_self\"><\/a>\n\t<\/div>\n<\/article><article class=\"eltd-pl-item eltd-item-space eltd-pl-masonry-default post-4588 portfolio-item type-portfolio-item status-publish has-post-thumbnail hentry portfolio-category-industrial-design\">\n\t<div class=\"eltd-pl-item-inner\">\n\t\t\n<div class=\"eltd-pli-image\">\n\n\t<img width=\"1000\" height=\"1000\" src=\"https:\/\/goadf.com\/wp-content\/uploads\/2020\/11\/uraz113.jpg\" class=\"attachment-full size-full wp-post-image\" alt=\"\" loading=\"lazy\" srcset=\"https:\/\/goadf.com\/wp-content\/uploads\/2020\/11\/uraz113.jpg 1000w, https:\/\/goadf.com\/wp-content\/uploads\/2020\/11\/uraz113-300x300.jpg 300w, https:\/\/goadf.com\/wp-content\/uploads\/2020\/11\/uraz113-150x150.jpg 150w, https:\/\/goadf.com\/wp-content\/uploads\/2020\/11\/uraz113-768x768.jpg 768w, https:\/\/goadf.com\/wp-content\/uploads\/2020\/11\/uraz113-550x550.jpg 550w\" sizes=\"(max-width: 1000px) 100vw, 1000px\" \/><\/div>\n<div class=\"eltd-pli-text-holder\">\n\t<div class=\"eltd-pli-text-wrapper\">\n\t\t<div class=\"eltd-pli-text\">\n\t\t\t\t<h4 itemprop=\"name\" class=\"eltd-pli-title entry-title\" >\n\t\tURAZ\t<\/h4>\n\n\t\t\t\t\t<div class=\"eltd-pli-category-holder\">\n\t\t\t\t\t\t\t<a itemprop=\"url\" class=\"eltd-pli-category\" href=\"https:\/\/goadf.com\/en\/portfolio-category\/industrial-design\/\">Industrial Design<\/a>\n\t\t\t\t\t<\/div>\n\t\t\t<\/div>\n\t<\/div>\n<\/div>\t\t\n\t\t<a itemprop=\"url\" class=\"eltd-pli-link eltd-block-drag-link\" href=\"https:\/\/goadf.com\/en\/portfolio-item\/uraz-2\/\" target=\"_self\"><\/a>\n\t<\/div>\n<\/article><article class=\"eltd-pl-item eltd-item-space eltd-pl-masonry-default post-4827 portfolio-item type-portfolio-item status-publish has-post-thumbnail hentry portfolio-category-furniture\">\n\t<div class=\"eltd-pl-item-inner\">\n\t\t\n<div class=\"eltd-pli-image\">\n\n\t<img width=\"1078\" height=\"1924\" src=\"https:\/\/goadf.com\/wp-content\/uploads\/2021\/01\/Ekran-Resmi-2021-01-07-11.59.51.jpg\" class=\"attachment-full size-full wp-post-image\" alt=\"\" loading=\"lazy\" srcset=\"https:\/\/goadf.com\/wp-content\/uploads\/2021\/01\/Ekran-Resmi-2021-01-07-11.59.51.jpg 1078w, https:\/\/goadf.com\/wp-content\/uploads\/2021\/01\/Ekran-Resmi-2021-01-07-11.59.51-168x300.jpg 168w, https:\/\/goadf.com\/wp-content\/uploads\/2021\/01\/Ekran-Resmi-2021-01-07-11.59.51-574x1024.jpg 574w, https:\/\/goadf.com\/wp-content\/uploads\/2021\/01\/Ekran-Resmi-2021-01-07-11.59.51-768x1371.jpg 768w, https:\/\/goadf.com\/wp-content\/uploads\/2021\/01\/Ekran-Resmi-2021-01-07-11.59.51-861x1536.jpg 861w\" sizes=\"(max-width: 1078px) 100vw, 1078px\" \/><\/div>\n<div class=\"eltd-pli-text-holder\">\n\t<div class=\"eltd-pli-text-wrapper\">\n\t\t<div class=\"eltd-pli-text\">\n\t\t\t\t<h4 itemprop=\"name\" class=\"eltd-pli-title entry-title\" >\n\t\tHIGH-EXE\t<\/h4>\n\n\t\t\t\t\t<div class=\"eltd-pli-category-holder\">\n\t\t\t\t\t\t\t<a itemprop=\"url\" class=\"eltd-pli-category\" href=\"https:\/\/goadf.com\/en\/portfolio-category\/furniture\/\">Furniture<\/a>\n\t\t\t\t\t<\/div>\n\t\t\t<\/div>\n\t<\/div>\n<\/div>\t\t\n\t\t<a itemprop=\"url\" class=\"eltd-pli-link eltd-block-drag-link\" href=\"https:\/\/goadf.com\/en\/portfolio-item\/high-exe-2\/\" target=\"_self\"><\/a>\n\t<\/div>\n<\/article><article class=\"eltd-pl-item eltd-item-space eltd-pl-masonry-default post-4899 portfolio-item type-portfolio-item status-publish has-post-thumbnail hentry portfolio-category-furniture\">\n\t<div class=\"eltd-pl-item-inner\">\n\t\t\n<div class=\"eltd-pli-image\">\n\n\t<img width=\"1024\" height=\"778\" src=\"https:\/\/goadf.com\/wp-content\/uploads\/2021\/03\/twist-03.jpg\" class=\"attachment-full size-full wp-post-image\" alt=\"\" loading=\"lazy\" srcset=\"https:\/\/goadf.com\/wp-content\/uploads\/2021\/03\/twist-03.jpg 1024w, https:\/\/goadf.com\/wp-content\/uploads\/2021\/03\/twist-03-300x228.jpg 300w, https:\/\/goadf.com\/wp-content\/uploads\/2021\/03\/twist-03-768x584.jpg 768w\" sizes=\"(max-width: 1024px) 100vw, 1024px\" \/><\/div>\n<div class=\"eltd-pli-text-holder\">\n\t<div class=\"eltd-pli-text-wrapper\">\n\t\t<div class=\"eltd-pli-text\">\n\t\t\t\t<h4 itemprop=\"name\" class=\"eltd-pli-title entry-title\" >\n\t\tTWIST\t<\/h4>\n\n\t\t\t\t\t<div class=\"eltd-pli-category-holder\">\n\t\t\t\t\t\t\t<a itemprop=\"url\" class=\"eltd-pli-category\" href=\"https:\/\/goadf.com\/en\/portfolio-category\/furniture\/\">Furniture<\/a>\n\t\t\t\t\t<\/div>\n\t\t\t<\/div>\n\t<\/div>\n<\/div>\t\t\n\t\t<a itemprop=\"url\" class=\"eltd-pli-link eltd-block-drag-link\" href=\"https:\/\/goadf.com\/en\/portfolio-item\/twist-2\/\" target=\"_self\"><\/a>\n\t<\/div>\n<\/article><article class=\"eltd-pl-item eltd-item-space eltd-pl-masonry-default post-4803 portfolio-item type-portfolio-item status-publish has-post-thumbnail hentry portfolio-category-furniture\">\n\t<div class=\"eltd-pl-item-inner\">\n\t\t\n<div class=\"eltd-pli-image\">\n\n\t<img width=\"1000\" height=\"1778\" src=\"https:\/\/goadf.com\/wp-content\/uploads\/2020\/11\/frau-dikey.jpg\" class=\"attachment-full size-full wp-post-image\" alt=\"\" loading=\"lazy\" srcset=\"https:\/\/goadf.com\/wp-content\/uploads\/2020\/11\/frau-dikey.jpg 1000w, https:\/\/goadf.com\/wp-content\/uploads\/2020\/11\/frau-dikey-169x300.jpg 169w, https:\/\/goadf.com\/wp-content\/uploads\/2020\/11\/frau-dikey-576x1024.jpg 576w, https:\/\/goadf.com\/wp-content\/uploads\/2020\/11\/frau-dikey-768x1366.jpg 768w, https:\/\/goadf.com\/wp-content\/uploads\/2020\/11\/frau-dikey-864x1536.jpg 864w\" sizes=\"(max-width: 1000px) 100vw, 1000px\" \/><\/div>\n<div class=\"eltd-pli-text-holder\">\n\t<div class=\"eltd-pli-text-wrapper\">\n\t\t<div class=\"eltd-pli-text\">\n\t\t\t\t<h4 itemprop=\"name\" class=\"eltd-pli-title entry-title\" >\n\t\tFRAU\t<\/h4>\n\n\t\t\t\t\t<div class=\"eltd-pli-category-holder\">\n\t\t\t\t\t\t\t<a itemprop=\"url\" class=\"eltd-pli-category\" href=\"https:\/\/goadf.com\/en\/portfolio-category\/furniture\/\">Furniture<\/a>\n\t\t\t\t\t<\/div>\n\t\t\t<\/div>\n\t<\/div>\n<\/div>\t\t\n\t\t<a itemprop=\"url\" class=\"eltd-pli-link eltd-block-drag-link\" href=\"https:\/\/goadf.com\/en\/portfolio-item\/frau-2\/\" target=\"_self\"><\/a>\n\t<\/div>\n<\/article><article class=\"eltd-pl-item eltd-item-space eltd-pl-masonry-default post-4945 portfolio-item type-portfolio-item status-publish has-post-thumbnail hentry portfolio-category-interior-design\">\n\t<div class=\"eltd-pl-item-inner\">\n\t\t\n<div class=\"eltd-pli-image\">\n\n\t<img width=\"1000\" height=\"760\" src=\"https:\/\/goadf.com\/wp-content\/uploads\/2021\/01\/01-SE.jpg\" class=\"attachment-full size-full wp-post-image\" alt=\"\" loading=\"lazy\" srcset=\"https:\/\/goadf.com\/wp-content\/uploads\/2021\/01\/01-SE.jpg 1000w, https:\/\/goadf.com\/wp-content\/uploads\/2021\/01\/01-SE-300x228.jpg 300w, https:\/\/goadf.com\/wp-content\/uploads\/2021\/01\/01-SE-768x584.jpg 768w\" sizes=\"(max-width: 1000px) 100vw, 1000px\" \/><\/div>\n<div class=\"eltd-pli-text-holder\">\n\t<div class=\"eltd-pli-text-wrapper\">\n\t\t<div class=\"eltd-pli-text\">\n\t\t\t\t<h4 itemprop=\"name\" class=\"eltd-pli-title entry-title\" >\n\t\tS\u0327EKERBANK FITNESS\t<\/h4>\n\n\t\t\t\t\t<div class=\"eltd-pli-category-holder\">\n\t\t\t\t\t\t\t<a itemprop=\"url\" class=\"eltd-pli-category\" href=\"https:\/\/goadf.com\/en\/portfolio-category\/interior-design\/\">Interior Design<\/a>\n\t\t\t\t\t<\/div>\n\t\t\t<\/div>\n\t<\/div>\n<\/div>\t\t\n\t\t<a itemprop=\"url\" class=\"eltd-pli-link eltd-block-drag-link\" href=\"https:\/\/goadf.com\/en\/portfolio-item\/s%cc%a7ekerbank-fitness-2\/\" target=\"_self\"><\/a>\n\t<\/div>\n<\/article>\t<\/div>\n\t\n\t\t<div class=\"eltd-pl-loading\">\n\t\t<div class=\"eltd-pl-loading-bounce1\"><\/div>\n\t\t<div class=\"eltd-pl-loading-bounce2\"><\/div>\n\t\t<div class=\"eltd-pl-loading-bounce3\"><\/div>\n\t<\/div>\n<\/div><\/div><\/div><\/div><\/div><div class=\"vc_row-full-width vc_clearfix\"><\/div>\n<\/div>","protected":false},"excerpt":{"rendered":"\u015eEKERBANK HEADQUARTERS 4. LEVENT Project year ;2018 Design+Project \u015eekerbank Fitness In this design, which was prepared for the sports area in a 100 m2 part of the \u015eekerbank Headquarters building, an area was created to make the staff feel that [...]","protected":false},"author":1,"featured_media":0,"parent":0,"menu_order":0,"comment_status":"closed","ping_status":"closed","template":"full-width.php","meta":[],"_links":{"self":[{"href":"https:\/\/goadf.com\/en\/wp-json\/wp\/v2\/pages\/4962"}],"collection":[{"href":"https:\/\/goadf.com\/en\/wp-json\/wp\/v2\/pages"}],"about":[{"href":"https:\/\/goadf.com\/en\/wp-json\/wp\/v2\/types\/page"}],"author":[{"embeddable":true,"href":"https:\/\/goadf.com\/en\/wp-json\/wp\/v2\/users\/1"}],"replies":[{"embeddable":true,"href":"https:\/\/goadf.com\/en\/wp-json\/wp\/v2\/comments?post=4962"}],"version-history":[{"count":4,"href":"https:\/\/goadf.com\/en\/wp-json\/wp\/v2\/pages\/4962\/revisions"}],"predecessor-version":[{"id":5003,"href":"https:\/\/goadf.com\/en\/wp-json\/wp\/v2\/pages\/4962\/revisions\/5003"}],"wp:attachment":[{"href":"https:\/\/goadf.com\/en\/wp-json\/wp\/v2\/media?parent=4962"}],"curies":[{"name":"wp","href":"https:\/\/api.w.org\/{rel}","templated":true}]}}